{"id":175,"date":"2025-01-19T18:59:28","date_gmt":"2025-01-19T18:59:28","guid":{"rendered":"https:\/\/aethercloudsolutions.com\/?page_id=175"},"modified":"2025-01-20T15:54:45","modified_gmt":"2025-01-20T15:54:45","slug":"about","status":"publish","type":"page","link":"https:\/\/aethercloudsolutions.com\/es\/about\/","title":{"rendered":"Acerca de"},"content":{"rendered":"<div data-elementor-type=\"wp-page\" data-elementor-id=\"175\" class=\"elementor elementor-175\" data-elementor-post-type=\"page\">\n\t\t\t\t<div class=\"elementor-element elementor-element-1260ae83 e-flex e-con-boxed e-con e-parent\" data-id=\"1260ae83\" data-element_type=\"container\" data-e-type=\"container\">\n\t\t\t\t\t<div class=\"e-con-inner\">\n\t\t<div class=\"elementor-element elementor-element-177aee00 e-con-full e-flex e-con e-child\" data-id=\"177aee00\" data-element_type=\"container\" data-e-type=\"container\" data-settings=\"{&quot;background_background&quot;:&quot;classic&quot;}\">\n\t\t\t\t<div class=\"elementor-element elementor-element-593c7147 elementor-absolute elementor-view-default elementor-widget elementor-widget-icon\" data-id=\"593c7147\" data-element_type=\"widget\" data-e-type=\"widget\" data-settings=\"{&quot;_position&quot;:&quot;absolute&quot;}\" data-widget_type=\"icon.default\">\n\t\t\t\t<div class=\"elementor-widget-container\">\n\t\t\t\t\t\t\t<div class=\"elementor-icon-wrapper\">\n\t\t\t<div class=\"elementor-icon\">\n\t\t\t<svg xmlns=\"http:\/\/www.w3.org\/2000\/svg\" id=\"b55a705e-0234-472a-b0ea-9b4d795b0458\" data-name=\"Layer 1\" width=\"274\" height=\"274\" viewbox=\"0 0 274 274\"><path d=\"M137,0C61.458,0,0,61.458,0,137S61.458,274,137,274s137-61.458,137-137S212.542,0,137,0Zm0,273C62.0093,273,1,211.99,1,137S62.0093,1,137,1,273,62.0093,273,137,211.99,273,137,273Z\"><\/path><path d=\"M137,46a91,91,0,1,0,91,91A91.1029,91.1029,0,0,0,137,46Zm0,181a90,90,0,1,1,90-90A90.1021,90.1021,0,0,1,137,227Z\"><\/path><\/svg>\t\t\t<\/div>\n\t\t<\/div>\n\t\t\t\t\t\t<\/div>\n\t\t\t\t<\/div>\n\t\t\t\t<div class=\"elementor-element elementor-element-10f99bde elementor-widget elementor-widget-heading\" data-id=\"10f99bde\" data-element_type=\"widget\" data-e-type=\"widget\" data-widget_type=\"heading.default\">\n\t\t\t\t<div class=\"elementor-widget-container\">\n\t\t\t\t\t<h1 class=\"elementor-heading-title elementor-size-default\">Conozca Aether Cloud Solutions<\/h1>\t\t\t\t<\/div>\n\t\t\t\t<\/div>\n\t\t\t\t<div class=\"elementor-element elementor-element-3904f4fb elementor-widget elementor-widget-text-editor\" data-id=\"3904f4fb\" data-element_type=\"widget\" data-e-type=\"widget\" data-widget_type=\"text-editor.default\">\n\t\t\t\t<div class=\"elementor-widget-container\">\n\t\t\t\t\t\t\t\t\t<p>Ofrecemos soluciones tecnol\u00f3gicas a medida para ayudar a las organizaciones a mejorar la eficiencia, aumentar la seguridad y resolver complejos retos inform\u00e1ticos. Al proporcionar asesoramiento experto sobre integraci\u00f3n de sistemas, gesti\u00f3n de redes, ciberseguridad y optimizaci\u00f3n de software, podemos ayudar a las empresas a tomar decisiones informadas, agilizar las operaciones y mantenerse a la vanguardia de la tecnolog\u00eda. Con un enfoque en el servicio personalizado y soluciones pr\u00e1cticas, nuestro objetivo es construir relaciones a largo plazo para apoyar a los clientes en la navegaci\u00f3n por el panorama tecnol\u00f3gico en constante evoluci\u00f3n.<\/p>\t\t\t\t\t\t\t\t<\/div>\n\t\t\t\t<\/div>\n\t\t\t\t<\/div>\n\t\t\t\t\t<\/div>\n\t\t\t\t<\/div>\n\t\t<div class=\"elementor-element elementor-element-e4d1bae e-flex e-con-boxed e-con e-parent\" data-id=\"e4d1bae\" data-element_type=\"container\" data-e-type=\"container\">\n\t\t\t\t\t<div class=\"e-con-inner\">\n\t\t<div class=\"elementor-element elementor-element-965ea2e e-con-full e-flex e-con e-child\" data-id=\"965ea2e\" data-element_type=\"container\" data-e-type=\"container\">\n\t\t\t\t<div class=\"elementor-element elementor-element-3b67552 elementor-widget elementor-widget-heading\" data-id=\"3b67552\" data-element_type=\"widget\" data-e-type=\"widget\" data-widget_type=\"heading.default\">\n\t\t\t\t<div class=\"elementor-widget-container\">\n\t\t\t\t\t<h2 class=\"elementor-heading-title elementor-size-default\">Somos la soluci\u00f3n a cualquier problema inform\u00e1tico que pueda tener<\/h2>\t\t\t\t<\/div>\n\t\t\t\t<\/div>\n\t\t\t\t<div class=\"elementor-element elementor-element-380aee4 elementor-widget elementor-widget-text-editor\" data-id=\"380aee4\" data-element_type=\"widget\" data-e-type=\"widget\" data-widget_type=\"text-editor.default\">\n\t\t\t\t<div class=\"elementor-widget-container\">\n\t\t\t\t\t\t\t\t\t<p>Jon es un experimentado profesional de TI con m\u00e1s de 15 a\u00f1os de experiencia en el campo de la tecnolog\u00eda. A lo largo de los a\u00f1os ha desarrollado un s\u00f3lido conjunto de habilidades en m\u00faltiples \u00e1reas de TI, incluyendo seguridad en la nube, arquitectura en la nube, gesti\u00f3n de sistemas (tanto en la nube como on-prem), programaci\u00f3n, desarrollo web y alojamiento. Especializado en ciberseguridad y arquitectura en la nube, Jon tiene un profundo conocimiento de las normas CMMC (Cybersecurity Maturity Model Certification) y NIST (National Institute of Standards and Technology), ayudando a las organizaciones a garantizar el cumplimiento y asegurar su infraestructura de datos. Apasionado por aprovechar la tecnolog\u00eda para impulsar el \u00e9xito empresarial, Jon se dedica a mantenerse a la vanguardia de las tendencias del sector y a ofrecer soluciones eficaces e innovadoras para satisfacer las necesidades cambiantes de los clientes.<\/p>\t\t\t\t\t\t\t\t<\/div>\n\t\t\t\t<\/div>\n\t\t\t\t<\/div>\n\t\t<div class=\"elementor-element elementor-element-145af65 e-con-full e-flex e-con e-child\" data-id=\"145af65\" data-element_type=\"container\" data-e-type=\"container\">\n\t\t\t\t<div class=\"elementor-element elementor-element-cfabccf elementor-position-top elementor-widget elementor-widget-image-box\" data-id=\"cfabccf\" data-element_type=\"widget\" data-e-type=\"widget\" data-widget_type=\"image-box.default\">\n\t\t\t\t<div class=\"elementor-widget-container\">\n\t\t\t\t\t<div class=\"elementor-image-box-wrapper\"><figure class=\"elementor-image-box-img\"><img decoding=\"async\" src=\"https:\/\/aethercloudsolutions.com\/wp-content\/uploads\/elementor\/thumbs\/profile-trimmed-Large-768x675-1-r0ahghdygi9k3j9nftauw2pmhbqy7w04pn26qwjbdq.jpg\" title=\"profile-trimmed-Large-768\u00d7675\" alt=\"profile-trimmed-Large-768x675\" loading=\"lazy\" \/><\/figure><div class=\"elementor-image-box-content\"><h3 class=\"elementor-image-box-title\">Jon Galloway, Propietario y Fundador <\/h3><p class=\"elementor-image-box-description\">Arquitecto de la nube y administrador de sistemas<\/p><\/div><\/div>\t\t\t\t<\/div>\n\t\t\t\t<\/div>\n\t\t\t\t<\/div>\n\t\t\t\t\t<\/div>\n\t\t\t\t<\/div>\n\t\t<div class=\"elementor-element elementor-element-e0a5d4f e-flex e-con-boxed e-con e-parent\" data-id=\"e0a5d4f\" data-element_type=\"container\" data-e-type=\"container\">\n\t\t\t\t\t<div class=\"e-con-inner\">\n\t\t\t\t<div class=\"elementor-element elementor-element-9712fb9 elementor-widget elementor-widget-heading\" data-id=\"9712fb9\" data-element_type=\"widget\" data-e-type=\"widget\" data-widget_type=\"heading.default\">\n\t\t\t\t<div class=\"elementor-widget-container\">\n\t\t\t\t\t<h6 class=\"elementor-heading-title elementor-size-default\">\u00bfTiene problemas con el ordenador?<\/h6>\t\t\t\t<\/div>\n\t\t\t\t<\/div>\n\t\t\t\t<div class=\"elementor-element elementor-element-392ccde elementor-widget elementor-widget-heading\" data-id=\"392ccde\" data-element_type=\"widget\" data-e-type=\"widget\" data-widget_type=\"heading.default\">\n\t\t\t\t<div class=\"elementor-widget-container\">\n\t\t\t\t\t<h2 class=\"elementor-heading-title elementor-size-default\">Concierte una cita y le ayudaremos con todos sus problemas y necesidades inform\u00e1ticas<\/h2>\t\t\t\t<\/div>\n\t\t\t\t<\/div>\n\t\t\t\t<div class=\"elementor-element elementor-element-b5febe3 elementor-mobile-align-center elementor-align-center elementor-widget elementor-widget-button\" data-id=\"b5febe3\" data-element_type=\"widget\" data-e-type=\"widget\" data-widget_type=\"button.default\">\n\t\t\t\t<div class=\"elementor-widget-container\">\n\t\t\t\t\t\t\t\t\t<div class=\"elementor-button-wrapper\">\n\t\t\t\t\t<a class=\"elementor-button elementor-button-link elementor-size-sm\" href=\"https:\/\/aethercloudsolutions.com\/es\/contact\/#contactform\">\n\t\t\t\t\t\t<span class=\"elementor-button-content-wrapper\">\n\t\t\t\t\t\t\t\t\t<span class=\"elementor-button-text\">Solicitar presupuesto<\/span>\n\t\t\t\t\t<\/span>\n\t\t\t\t\t<\/a>\n\t\t\t\t<\/div>\n\t\t\t\t\t\t\t\t<\/div>\n\t\t\t\t<\/div>\n\t\t\t\t\t<\/div>\n\t\t\t\t<\/div>\n\t\t\t\t<\/div>","protected":false},"excerpt":{"rendered":"<p>Meet Aether Cloud Solutions We offer tailored technology solutions to help organizations improve efficiency, enhance security, and solve complex IT challenges. By providing expert advice on system integration, network management, cybersecurity, and software optimization, we can help businesses make informed decisions, streamline operations, and stay ahead of the tech curve. With a focus on personalized [&hellip;]<\/p>\n","protected":false},"author":1,"featured_media":0,"parent":0,"menu_order":0,"comment_status":"closed","ping_status":"closed","template":"elementor_header_footer","meta":{"footnotes":""},"class_list":["post-175","page","type-page","status-publish","hentry"],"_links":{"self":[{"href":"https:\/\/aethercloudsolutions.com\/es\/wp-json\/wp\/v2\/pages\/175","targetHints":{"allow":["GET"]}}],"collection":[{"href":"https:\/\/aethercloudsolutions.com\/es\/wp-json\/wp\/v2\/pages"}],"about":[{"href":"https:\/\/aethercloudsolutions.com\/es\/wp-json\/wp\/v2\/types\/page"}],"author":[{"embeddable":true,"href":"https:\/\/aethercloudsolutions.com\/es\/wp-json\/wp\/v2\/users\/1"}],"replies":[{"embeddable":true,"href":"https:\/\/aethercloudsolutions.com\/es\/wp-json\/wp\/v2\/comments?post=175"}],"version-history":[{"count":5,"href":"https:\/\/aethercloudsolutions.com\/es\/wp-json\/wp\/v2\/pages\/175\/revisions"}],"predecessor-version":[{"id":376,"href":"https:\/\/aethercloudsolutions.com\/es\/wp-json\/wp\/v2\/pages\/175\/revisions\/376"}],"wp:attachment":[{"href":"https:\/\/aethercloudsolutions.com\/es\/wp-json\/wp\/v2\/media?parent=175"}],"curies":[{"name":"wp","href":"https:\/\/api.w.org\/{rel}","templated":true}]}}